{"id":3,"date":"2025-05-30T14:12:41","date_gmt":"2025-05-30T14:12:41","guid":{"rendered":"https:\/\/www.theholisticlife.com.pl\/?page_id=3"},"modified":"2025-06-13T20:13:38","modified_gmt":"2025-06-13T20:13:38","slug":"privacy-policy","status":"publish","type":"page","link":"https:\/\/www.theholisticlife.com.pl\/index.php\/privacy-policy\/","title":{"rendered":"Polityka prywatno\u015bci"},"content":{"rendered":"\n<h3 class=\"wp-block-heading\">1. Administrator danych<\/h3>\n\n\n\n<p>Administratorem danych osobowych jest Estera Kubica, prowadz\u0105ca blog\u00a0<em>The Holistic Life<\/em>, kontakt: kubicaestera@gmail.com.<\/p>\n\n\n\n<h3 class=\"wp-block-heading\">2. Jakie dane zbieramy?<\/h3>\n\n\n\n<p>Podczas korzystania z bloga mog\u0105 by\u0107 zbierane:<\/p>\n\n\n\n<p>-dane techniczne (np. adres IP, typ przegl\u0105darki, cookies),<\/p>\n\n\n\n<p>-dane podane dobrowolnie (np. w komentarzach, formularzach kontaktowych, zapisach na newsletter).<\/p>\n\n\n\n<h3 class=\"wp-block-heading\">3. Cel przetwarzania danych<\/h3>\n\n\n\n<p>Twoje dane przetwarzane s\u0105 w celu:<\/p>\n\n\n\n<ul class=\"wp-block-list\">\n<li>umo\u017cliwienia dodawania komentarzy,<\/li>\n\n\n\n<li>wysy\u0142ki newslettera (je\u015bli si\u0119 zapiszesz),<\/li>\n\n\n\n<li>odpowiedzi na wiadomo\u015bci z formularza kontaktowego,<\/li>\n\n\n\n<li>analityki ruchu na stronie (np. za pomoc\u0105 Google Analytics).<\/li>\n<\/ul>\n\n\n\n<h3 class=\"wp-block-heading\">4. Pliki cookies<\/h3>\n\n\n\n<p>Blog korzysta z plik\u00f3w cookies w celach statystycznych i funkcjonalnych. Mo\u017cesz zarz\u0105dza\u0107 plikami cookies w ustawieniach swojej przegl\u0105darki.<\/p>\n\n\n\n<h3 class=\"wp-block-heading\">5. Udost\u0119pnianie danych<\/h3>\n\n\n\n<p>Dane nie s\u0105 sprzedawane ani udost\u0119pniane osobom trzecim, chyba \u017ce wymagaj\u0105 tego przepisy prawa.<\/p>\n\n\n\n<h3 class=\"wp-block-heading\">6. Twoje prawa<\/h3>\n\n\n\n<p>Masz prawo dost\u0119pu do swoich danych, ich poprawiania, usuni\u0119cia oraz ograniczenia przetwarzania.<br>W sprawach zwi\u0105zanych z danymi osobowymi mo\u017cesz kontaktowa\u0107 si\u0119: kubicaestera@gmiail.com.<\/p>\n\n\n\n<p><\/p>\n","protected":false},"excerpt":{"rendered":"<p>1. Administrator danych Administratorem danych osobowych jest Estera Kubica, prowadz\u0105ca blog\u00a0The Holistic Life, kontakt: kubicaestera@gmail.com. 2. Jakie dane zbieramy? Podczas korzystania z bloga mog\u0105 by\u0107 zbierane: -dane techniczne (np. adres IP, typ przegl\u0105darki, cookies), -dane podane dobrowolnie (np. w komentarzach, formularzach kontaktowych, zapisach na newsletter). 3. Cel przetwarzania danych Twoje dane przetwarzane s\u0105 w celu:&#8230;<\/p>\n","protected":false},"author":1,"featured_media":0,"parent":0,"menu_order":0,"comment_status":"closed","ping_status":"open","template":"","meta":{"_kadence_starter_templates_imported_post":false,"_kad_post_transparent":"","_kad_post_title":"","_kad_post_layout":"","_kad_post_sidebar_id":"","_kad_post_content_style":"","_kad_post_vertical_padding":"","_kad_post_feature":"","_kad_post_feature_position":"","_kad_post_header":false,"_kad_post_footer":false,"_kad_post_classname":"","footnotes":""},"class_list":["post-3","page","type-page","status-publish","hentry"],"_links":{"self":[{"href":"https:\/\/www.theholisticlife.com.pl\/index.php\/wp-json\/wp\/v2\/pages\/3","targetHints":{"allow":["GET"]}}],"collection":[{"href":"https:\/\/www.theholisticlife.com.pl\/index.php\/wp-json\/wp\/v2\/pages"}],"about":[{"href":"https:\/\/www.theholisticlife.com.pl\/index.php\/wp-json\/wp\/v2\/types\/page"}],"author":[{"embeddable":true,"href":"https:\/\/www.theholisticlife.com.pl\/index.php\/wp-json\/wp\/v2\/users\/1"}],"replies":[{"embeddable":true,"href":"https:\/\/www.theholisticlife.com.pl\/index.php\/wp-json\/wp\/v2\/comments?post=3"}],"version-history":[{"count":1,"href":"https:\/\/www.theholisticlife.com.pl\/index.php\/wp-json\/wp\/v2\/pages\/3\/revisions"}],"predecessor-version":[{"id":803,"href":"https:\/\/www.theholisticlife.com.pl\/index.php\/wp-json\/wp\/v2\/pages\/3\/revisions\/803"}],"wp:attachment":[{"href":"https:\/\/www.theholisticlife.com.pl\/index.php\/wp-json\/wp\/v2\/media?parent=3"}],"curies":[{"name":"wp","href":"https:\/\/api.w.org\/{rel}","templated":true}]}}